{"id":2,"date":"2020-05-05T21:43:16","date_gmt":"2020-05-05T21:43:16","guid":{"rendered":"http:\/\/pc-sic.com\/?page_id=2"},"modified":"2021-01-04T20:11:10","modified_gmt":"2021-01-04T20:11:10","slug":"sample-page","status":"publish","type":"page","link":"https:\/\/pc-sic.com\/?page_id=2","title":{"rendered":"Quienes Somos?"},"content":{"rendered":"\n<p>Que es PC-S.I.C?<br> Es como lo dice en su abreviatura Somos Una Soluciones Integrales de Computo y V\u00eddeo Vigilancia para tu empresa o negocio. <br>Somos Una empresa Joven 100% Mexicana; Cancunense con 5 a\u00f1os de trabajo y con un gran servicio de calidad y profesionalismo garantizando nuestro servicios al cliente. Poni\u00e9ndonos a la Vanguardia de las nuevas tecnolog\u00eda d\u00eda con d\u00eda siempre ayudando a tu empresa a tener mejores rendimientos y soluciones que requiera. Manejamos Software 100% mexicanos con un respaldo de respuestas inmediata y de calidad comprometi\u00e9ndonos a la implementaci\u00f3n en su empresa y dando sobre todo buenos resultados.&#8221;<\/p>\n","protected":false},"excerpt":{"rendered":"<p>Que es PC-S.I.C? Es como lo dice en su abreviatura Somos Una Soluciones Integrales de Computo y V\u00eddeo Vigilancia para tu empresa o negocio. Somos Una empresa Joven 100% Mexicana; Cancunense con 5 a\u00f1os de trabajo y con un gran servicio de calidad y profesionalismo garantizando nuestro servicios al cliente. Poni\u00e9ndonos a la Vanguardia de&hellip;<\/p>\n","protected":false},"author":1,"featured_media":0,"parent":0,"menu_order":0,"comment_status":"closed","ping_status":"open","template":"","meta":{"footnotes":""},"class_list":["post-2","page","type-page","status-publish","hentry"],"_links":{"self":[{"href":"https:\/\/pc-sic.com\/index.php?rest_route=\/wp\/v2\/pages\/2","targetHints":{"allow":["GET"]}}],"collection":[{"href":"https:\/\/pc-sic.com\/index.php?rest_route=\/wp\/v2\/pages"}],"about":[{"href":"https:\/\/pc-sic.com\/index.php?rest_route=\/wp\/v2\/types\/page"}],"author":[{"embeddable":true,"href":"https:\/\/pc-sic.com\/index.php?rest_route=\/wp\/v2\/users\/1"}],"replies":[{"embeddable":true,"href":"https:\/\/pc-sic.com\/index.php?rest_route=%2Fwp%2Fv2%2Fcomments&post=2"}],"version-history":[{"count":2,"href":"https:\/\/pc-sic.com\/index.php?rest_route=\/wp\/v2\/pages\/2\/revisions"}],"predecessor-version":[{"id":108,"href":"https:\/\/pc-sic.com\/index.php?rest_route=\/wp\/v2\/pages\/2\/revisions\/108"}],"wp:attachment":[{"href":"https:\/\/pc-sic.com\/index.php?rest_route=%2Fwp%2Fv2%2Fmedia&parent=2"}],"curies":[{"name":"wp","href":"https:\/\/api.w.org\/{rel}","templated":true}]}}